{"id":395,"date":"2024-06-04T06:52:36","date_gmt":"2024-06-04T06:52:36","guid":{"rendered":"https:\/\/lamontanaveterinarios.com\/?page_id=395"},"modified":"2024-06-06T19:44:23","modified_gmt":"2024-06-06T19:44:23","slug":"transparencia","status":"publish","type":"page","link":"https:\/\/lamontanaveterinarios.com\/index.php\/transparencia\/","title":{"rendered":"Transparencia"},"content":{"rendered":"\t\t<div data-elementor-type=\"wp-page\" data-elementor-id=\"395\" class=\"elementor elementor-395\">\n\t\t\t\t\t\t\t\t\t<section class=\"elementor-section elementor-top-section elementor-element elementor-element-1b42401 elementor-section-stretched elementor-section-boxed elementor-section-height-default elementor-section-height-default\" data-id=\"1b42401\" data-element_type=\"section\" data-settings=\"{&quot;stretch_section&quot;:&quot;section-stretched&quot;}\">\n\t\t\t\t\t\t<div class=\"elementor-container elementor-column-gap-no\">\n\t\t\t\t\t<div class=\"elementor-column elementor-col-100 elementor-top-column elementor-element elementor-element-764053c\" data-id=\"764053c\" data-element_type=\"column\">\n\t\t\t<div class=\"elementor-widget-wrap elementor-element-populated\">\n\t\t\t\t\t\t\t\t<section class=\"elementor-section elementor-inner-section elementor-element elementor-element-b768198 elementor-section-boxed elementor-section-height-default elementor-section-height-default\" data-id=\"b768198\" data-element_type=\"section\">\n\t\t\t\t\t\t<div class=\"elementor-container elementor-column-gap-default\">\n\t\t\t\t\t<div class=\"elementor-column elementor-col-33 elementor-inner-column elementor-element elementor-element-6a058ab elementor-hidden-mobile\" data-id=\"6a058ab\" data-element_type=\"column\">\n\t\t\t<div class=\"elementor-widget-wrap elementor-element-populated\">\n\t\t\t\t\t\t\t\t<div class=\"elementor-element elementor-element-354e562 elementor-widget elementor-widget-heading\" data-id=\"354e562\" data-element_type=\"widget\" data-widget_type=\"heading.default\">\n\t\t\t\t<div class=\"elementor-widget-container\">\n\t\t\t<style>\/*! elementor - v3.6.6 - 08-06-2022 *\/\n.elementor-heading-title{padding:0;margin:0;line-height:1}.elementor-widget-heading .elementor-heading-title[class*=elementor-size-]>a{color:inherit;font-size:inherit;line-height:inherit}.elementor-widget-heading .elementor-heading-title.elementor-size-small{font-size:15px}.elementor-widget-heading .elementor-heading-title.elementor-size-medium{font-size:19px}.elementor-widget-heading .elementor-heading-title.elementor-size-large{font-size:29px}.elementor-widget-heading .elementor-heading-title.elementor-size-xl{font-size:39px}.elementor-widget-heading .elementor-heading-title.elementor-size-xxl{font-size:59px}<\/style><h2 class=\"elementor-heading-title elementor-size-default\">Transparencia<\/h2>\t\t<\/div>\n\t\t\t\t<\/div>\n\t\t\t\t\t<\/div>\n\t\t<\/div>\n\t\t\t\t<div class=\"elementor-column elementor-col-33 elementor-inner-column elementor-element elementor-element-1738d19\" data-id=\"1738d19\" data-element_type=\"column\">\n\t\t\t<div class=\"elementor-widget-wrap elementor-element-populated\">\n\t\t\t\t\t\t\t\t<div class=\"elementor-element elementor-element-496aaa0 elementor-widget elementor-widget-image\" data-id=\"496aaa0\" data-element_type=\"widget\" data-widget_type=\"image.default\">\n\t\t\t\t<div class=\"elementor-widget-container\">\n\t\t\t<style>\/*! elementor - v3.6.6 - 08-06-2022 *\/\n.elementor-widget-image{text-align:center}.elementor-widget-image a{display:inline-block}.elementor-widget-image a img[src$=\".svg\"]{width:48px}.elementor-widget-image img{vertical-align:middle;display:inline-block}<\/style>\t\t\t\t\t\t\t\t\t\t\t\t<img loading=\"lazy\" decoding=\"async\" width=\"336\" height=\"226\" src=\"https:\/\/lamontanaveterinarios.com\/wp-content\/uploads\/2024\/06\/sodercan.png\" class=\"attachment-large size-large\" alt=\"\" srcset=\"https:\/\/lamontanaveterinarios.com\/wp-content\/uploads\/2024\/06\/sodercan.png 336w, https:\/\/lamontanaveterinarios.com\/wp-content\/uploads\/2024\/06\/sodercan-300x202.png 300w\" sizes=\"(max-width: 336px) 100vw, 336px\" \/>\t\t\t\t\t\t\t\t\t\t\t\t\t\t\t<\/div>\n\t\t\t\t<\/div>\n\t\t\t\t\t<\/div>\n\t\t<\/div>\n\t\t\t\t<div class=\"elementor-column elementor-col-33 elementor-inner-column elementor-element elementor-element-06686e2\" data-id=\"06686e2\" data-element_type=\"column\">\n\t\t\t<div class=\"elementor-widget-wrap elementor-element-populated\">\n\t\t\t\t\t\t\t\t<div class=\"elementor-element elementor-element-9070946 elementor-widget elementor-widget-heading\" data-id=\"9070946\" data-element_type=\"widget\" data-widget_type=\"heading.default\">\n\t\t\t\t<div class=\"elementor-widget-container\">\n\t\t\t<h2 class=\"elementor-heading-title elementor-size-default\">Transparencia<\/h2>\t\t<\/div>\n\t\t\t\t<\/div>\n\t\t\t\t\t<\/div>\n\t\t<\/div>\n\t\t\t\t\t\t\t<\/div>\n\t\t<\/section>\n\t\t\t\t<div class=\"elementor-element elementor-element-9d9b3e9 elementor-widget elementor-widget-text-editor\" data-id=\"9d9b3e9\" data-element_type=\"widget\" data-widget_type=\"text-editor.default\">\n\t\t\t\t<div class=\"elementor-widget-container\">\n\t\t\t<style>\/*! elementor - v3.6.6 - 08-06-2022 *\/\n.elementor-widget-text-editor.elementor-drop-cap-view-stacked .elementor-drop-cap{background-color:#818a91;color:#fff}.elementor-widget-text-editor.elementor-drop-cap-view-framed .elementor-drop-cap{color:#818a91;border:3px solid;background-color:transparent}.elementor-widget-text-editor:not(.elementor-drop-cap-view-default) .elementor-drop-cap{margin-top:8px}.elementor-widget-text-editor:not(.elementor-drop-cap-view-default) .elementor-drop-cap-letter{width:1em;height:1em}.elementor-widget-text-editor .elementor-drop-cap{float:left;text-align:center;line-height:1;font-size:50px}.elementor-widget-text-editor .elementor-drop-cap-letter{display:inline-block}<\/style>\t\t\t\t<p>PROGRAMA AYUDAS CREACI\u00d3N, CRECIMIENTO Y CONSOLIDACI\u00d3N DEL PROGRAMA EMPRECAN PLUS 2022. Gastos de constituci\u00f3n. EXPEDIENTE P222-GC-063.<\/p><p>LA MONTA\u00d1A VETERINARIOS SL ha recibido una subvenci\u00f3n de la sociedad para el desarrollo regional de Cantabria SODERCAN por un importe de 378,80\u20ac, sobre un presupuesto elegible de 378,80\u20ac, siendo el 100% del servicio subvencionado (gastos de constituci\u00f3n de la sociedad en el a\u00f1o 2022), en el marco de la ayuda PROGRAMA EMPRECAN PLUS 2022.<\/p><p>PROGRAMA AYUDAS CREACI\u00d3N, CRECIMIENTO Y CONSOLIDACI\u00d3N DEL PROGRAMA EMPRECAN PLUS 2022. Gastos de Activos Fijos. EXPEDIENTE P222-AF-069.<\/p><p>LA MONTA\u00d1A VETERINARIOS SL ha recibido una subvenci\u00f3n de la sociedad para el desarrollo regional de Cantabria SODERCAN por un importe de 10.747,86\u20ac, sobre un presupuesto elegible de 21.495,72\u20ac, siendo el 50% del coste total de los gastos de activos fijos, en el marco de la ayuda PROGRAMA EMPRECAN PLUS 2022.<\/p><p>EMPLEA 2022. Personal trabajador. EXPEDIENTE P322-EM-032.<\/p><p>LA MONTA\u00d1A VETERINARIOS SL ha recibido una subvenci\u00f3n de la sociedad para el desarrollo regional de Cantabria SODERCAN por un importe de 15.766,87\u20ac, sobre un presupuesto elegible de 25.256,57\u20ac, siendo el 62.43% del importe elegible, en el marco de la ayuda PROGRAMA EMPLEA 2022.<\/p><p>EMPLEA 2022. Personal trabajador. EXPEDIENTE P P322-EM-035.<\/p><p>LA MONTA\u00d1A VETERINARIOS SL ha recibido una subvenci\u00f3n de la sociedad para el desarrollo regional de Cantabria SODERCAN por un importe de 16.948,62\u20ac sobre un presupuesto elegible de 27.149,59\u20ac. siendo el 62.43% del importe elegible, en el marco de la ayuda PROGRAMA EMPLEA 2022.<\/p><p>EMPRECAN PLUS 2023. Gastos de Puesta en Marcha. EXPEDIENTE P223-CE-181.<\/p><p>LA MONTA\u00d1A VETERINARIOS SL ha recibido una subvenci\u00f3n de la sociedad para el desarrollo regional de Cantabria SODERCAN por un importe de 5.418,00\u20ac, sobre un presupuesto aceptado de 9.030,00\u20ac, siendo el 60% del coste total de los gastos de puesta en marcha, en el marco de la ayuda PROGRAMA EMPRECAN PLUS 2023.<\/p><p>Informaci\u00f3n sobre retribuciones: <a href=\"https:\/\/lamontanaveterinarios.com\/wp-content\/uploads\/2024\/06\/RETRIBUCIONES-ANUALES-5.pdf\">RETRIBUCIONES ANUALES<\/a><\/p>\t\t\t\t\t\t<\/div>\n\t\t\t\t<\/div>\n\t\t\t\t\t<\/div>\n\t\t<\/div>\n\t\t\t\t\t\t\t<\/div>\n\t\t<\/section>\n\t\t\t\t<section class=\"elementor-section elementor-top-section elementor-element elementor-element-6b9a15a elementor-section-boxed elementor-section-height-default elementor-section-height-default\" data-id=\"6b9a15a\" data-element_type=\"section\">\n\t\t\t\t\t\t<div class=\"elementor-container elementor-column-gap-default\">\n\t\t\t\t\t<div class=\"elementor-column elementor-col-100 elementor-top-column elementor-element elementor-element-7d46de1\" data-id=\"7d46de1\" data-element_type=\"column\">\n\t\t\t<div class=\"elementor-widget-wrap\">\n\t\t\t\t\t\t\t\t\t<\/div>\n\t\t<\/div>\n\t\t\t\t\t\t\t<\/div>\n\t\t<\/section>\n\t\t\t\t\t\t\t<\/div>\n\t\t","protected":false},"excerpt":{"rendered":"<p>Transparencia Transparencia PROGRAMA AYUDAS CREACI\u00d3N, CRECIMIENTO Y CONSOLIDACI\u00d3N DEL PROGRAMA EMPRECAN PLUS 2022. Gastos de constituci\u00f3n. EXPEDIENTE P222-GC-063. LA MONTA\u00d1A VETERINARIOS SL ha recibido una subvenci\u00f3n de la sociedad para el desarrollo regional de Cantabria SODERCAN por un importe de 378,80\u20ac, sobre un presupuesto elegible de 378,80\u20ac, siendo el 100% del servicio subvencionado (gastos de [&hellip;]<\/p>\n","protected":false},"author":2,"featured_media":0,"parent":0,"menu_order":0,"comment_status":"closed","ping_status":"closed","template":"elementor_header_footer","meta":{"footnotes":""},"_links":{"self":[{"href":"https:\/\/lamontanaveterinarios.com\/index.php\/wp-json\/wp\/v2\/pages\/395"}],"collection":[{"href":"https:\/\/lamontanaveterinarios.com\/index.php\/wp-json\/wp\/v2\/pages"}],"about":[{"href":"https:\/\/lamontanaveterinarios.com\/index.php\/wp-json\/wp\/v2\/types\/page"}],"author":[{"embeddable":true,"href":"https:\/\/lamontanaveterinarios.com\/index.php\/wp-json\/wp\/v2\/users\/2"}],"replies":[{"embeddable":true,"href":"https:\/\/lamontanaveterinarios.com\/index.php\/wp-json\/wp\/v2\/comments?post=395"}],"version-history":[{"count":25,"href":"https:\/\/lamontanaveterinarios.com\/index.php\/wp-json\/wp\/v2\/pages\/395\/revisions"}],"predecessor-version":[{"id":438,"href":"https:\/\/lamontanaveterinarios.com\/index.php\/wp-json\/wp\/v2\/pages\/395\/revisions\/438"}],"wp:attachment":[{"href":"https:\/\/lamontanaveterinarios.com\/index.php\/wp-json\/wp\/v2\/media?parent=395"}],"curies":[{"name":"wp","href":"https:\/\/api.w.org\/{rel}","templated":true}]}}