{"id":8,"date":"2022-10-19T11:22:08","date_gmt":"2022-10-19T11:22:08","guid":{"rendered":"https:\/\/lamontanaveterinarios.com\/?page_id=8"},"modified":"2023-08-25T09:24:11","modified_gmt":"2023-08-25T09:24:11","slug":"home","status":"publish","type":"page","link":"https:\/\/lamontanaveterinarios.com\/","title":{"rendered":"Home"},"content":{"rendered":"\t\t<div data-elementor-type=\"wp-post\" data-elementor-id=\"8\" class=\"elementor elementor-8\">\n\t\t\t\t\t\t\t\t\t<section class=\"elementor-section elementor-top-section elementor-element elementor-element-2733219 elementor-section-full_width div-imagen elementor-section-height-default elementor-section-height-default\" data-id=\"2733219\" data-element_type=\"section\" data-settings=\"{&quot;background_background&quot;:&quot;classic&quot;}\">\n\t\t\t\t\t\t<div class=\"elementor-container elementor-column-gap-default\">\n\t\t\t\t\t<div class=\"elementor-column elementor-col-100 elementor-top-column elementor-element elementor-element-87d4d00\" data-id=\"87d4d00\" data-element_type=\"column\">\n\t\t\t<div class=\"elementor-widget-wrap\">\n\t\t\t\t\t\t\t\t\t<\/div>\n\t\t<\/div>\n\t\t\t\t\t\t\t<\/div>\n\t\t<\/section>\n\t\t\t\t<section class=\"elementor-section elementor-top-section elementor-element elementor-element-8b8da7a elementor-section-boxed elementor-section-height-default elementor-section-height-default\" data-id=\"8b8da7a\" data-element_type=\"section\">\n\t\t\t\t\t\t<div class=\"elementor-container elementor-column-gap-default\">\n\t\t\t\t\t<div class=\"elementor-column elementor-col-100 elementor-top-column elementor-element elementor-element-7cdb234\" data-id=\"7cdb234\" data-element_type=\"column\">\n\t\t\t<div class=\"elementor-widget-wrap elementor-element-populated\">\n\t\t\t\t\t\t\t\t<div class=\"elementor-element elementor-element-aeb3ed7 elementor-widget elementor-widget-heading\" data-id=\"aeb3ed7\" data-element_type=\"widget\" data-widget_type=\"heading.default\">\n\t\t\t\t<div class=\"elementor-widget-container\">\n\t\t\t<style>\/*! elementor - v3.6.6 - 08-06-2022 *\/\n.elementor-heading-title{padding:0;margin:0;line-height:1}.elementor-widget-heading .elementor-heading-title[class*=elementor-size-]>a{color:inherit;font-size:inherit;line-height:inherit}.elementor-widget-heading .elementor-heading-title.elementor-size-small{font-size:15px}.elementor-widget-heading .elementor-heading-title.elementor-size-medium{font-size:19px}.elementor-widget-heading .elementor-heading-title.elementor-size-large{font-size:29px}.elementor-widget-heading .elementor-heading-title.elementor-size-xl{font-size:39px}.elementor-widget-heading .elementor-heading-title.elementor-size-xxl{font-size:59px}<\/style><h4 class=\"elementor-heading-title elementor-size-default\">Equipo<\/h4>\t\t<\/div>\n\t\t\t\t<\/div>\n\t\t\t\t<div class=\"elementor-element elementor-element-29d29b1 elementor-widget elementor-widget-text-editor\" data-id=\"29d29b1\" data-element_type=\"widget\" data-widget_type=\"text-editor.default\">\n\t\t\t\t<div class=\"elementor-widget-container\">\n\t\t\t<style>\/*! elementor - v3.6.6 - 08-06-2022 *\/\n.elementor-widget-text-editor.elementor-drop-cap-view-stacked .elementor-drop-cap{background-color:#818a91;color:#fff}.elementor-widget-text-editor.elementor-drop-cap-view-framed .elementor-drop-cap{color:#818a91;border:3px solid;background-color:transparent}.elementor-widget-text-editor:not(.elementor-drop-cap-view-default) .elementor-drop-cap{margin-top:8px}.elementor-widget-text-editor:not(.elementor-drop-cap-view-default) .elementor-drop-cap-letter{width:1em;height:1em}.elementor-widget-text-editor .elementor-drop-cap{float:left;text-align:center;line-height:1;font-size:50px}.elementor-widget-text-editor .elementor-drop-cap-letter{display:inline-block}<\/style>\t\t\t\t<p style=\"text-align: left;\" align=\"justify\"><span style=\"color: #333333;\">Grupo veterinario especializado en vacuno formado por 6 veterinarios\/as y una administrativa.<\/span><\/p><p align=\"justify\"><span style=\"color: #333333;\"><a style=\"color: #333333;\" name=\"_GoBack\"><\/a> Trabajamos en equipo para dar servicio a nuestros clientes 24 horas todos los d\u00edas del a\u00f1o. Creemos que la actividad ganadera es esencial para alimentar a la sociedad y ponemos todo nuestro empe\u00f1o y dedicaci\u00f3n para garantizar el bienestar y la salud de las vacas que atendemos a diario.<\/span><\/p>\t\t\t\t\t\t<\/div>\n\t\t\t\t<\/div>\n\t\t\t\t<div class=\"elementor-element elementor-element-7357ce2 elementor-widget elementor-widget-heading\" data-id=\"7357ce2\" data-element_type=\"widget\" data-widget_type=\"heading.default\">\n\t\t\t\t<div class=\"elementor-widget-container\">\n\t\t\t<h4 class=\"elementor-heading-title elementor-size-default\">Servicios<\/h4>\t\t<\/div>\n\t\t\t\t<\/div>\n\t\t\t\t<div class=\"elementor-element elementor-element-f3d2ad8 elementor-widget elementor-widget-text-editor\" data-id=\"f3d2ad8\" data-element_type=\"widget\" data-widget_type=\"text-editor.default\">\n\t\t\t\t<div class=\"elementor-widget-container\">\n\t\t\t\t\t\t\t<ul><li><span style=\"color: #333333;\">VACUNO<\/span><ul><li><p><span style=\"color: #333333;\">PROGRAMA INTEGRAL VETERINARIO DE EXPLOTACI\u00d3N<\/span><\/p><\/li><li><p><span style=\"color: #333333;\">NUTRICI\u00d3N Y ASESORAMIENTO<\/span><\/p><\/li><li><p><span style=\"color: #333333;\">ADSG Y PROGRAMA DE IBR<\/span><\/p><\/li><li><p><span style=\"color: #333333;\">REPRODUCCI\u00d3N<\/span><\/p><\/li><li><p><span style=\"color: #333333;\">CL\u00cdNICA Y CIRUG\u00cdA BOVINA<\/span><\/p><\/li><\/ul><\/li><li><p><span style=\"color: #333333;\">EQUINO<\/span><\/p><ul><li><p><span style=\"color: #333333;\">IDENTIFICACI\u00d3N<\/span><\/p><\/li><\/ul><\/li><li><p><span style=\"color: #333333;\">CANINO<\/span><\/p><ul><li><p><span style=\"color: #333333;\">IDENTIFICACI\u00d3N Y VACUNACI\u00d3N A DOMICILIO.<\/span><\/p><\/li><\/ul><\/li><\/ul>\t\t\t\t\t\t<\/div>\n\t\t\t\t<\/div>\n\t\t\t\t<div class=\"elementor-element elementor-element-7034f42 elementor-widget elementor-widget-heading\" data-id=\"7034f42\" data-element_type=\"widget\" data-widget_type=\"heading.default\">\n\t\t\t\t<div class=\"elementor-widget-container\">\n\t\t\t<h4 class=\"elementor-heading-title elementor-size-default\">\u00bfD\u00f3nde estamos?<\/h4>\t\t<\/div>\n\t\t\t\t<\/div>\n\t\t\t\t<div class=\"elementor-element elementor-element-a59aae9 elementor-widget elementor-widget-google_maps\" data-id=\"a59aae9\" data-element_type=\"widget\" data-widget_type=\"google_maps.default\">\n\t\t\t\t<div class=\"elementor-widget-container\">\n\t\t\t<style>\/*! elementor - v3.6.6 - 08-06-2022 *\/\n.elementor-widget-google_maps .elementor-widget-container{overflow:hidden}.elementor-widget-google_maps iframe{height:300px}<\/style>\t\t<div class=\"elementor-custom-embed\">\n\t\t\t<iframe frameborder=\"0\" scrolling=\"no\" marginheight=\"0\" marginwidth=\"0\"\n\t\t\t\t\tsrc=\"https:\/\/maps.google.com\/maps?q=%C3%81rea%C2%A0de%C2%A0Servicio%C2%A0Reoc%C3%ADn.%20A-8%20Salida%20234%20%E2%80%93%2039538%C2%A0Reoc%C3%ADn%C2%A0%28Cantabria%29.%20&#038;t=m&#038;z=13&#038;output=embed&#038;iwloc=near\"\n\t\t\t\t\ttitle=\"\u00c1rea\u00a0de\u00a0Servicio\u00a0Reoc\u00edn. A-8 Salida 234 \u2013 39538\u00a0Reoc\u00edn\u00a0(Cantabria). \"\n\t\t\t\t\taria-label=\"\u00c1rea\u00a0de\u00a0Servicio\u00a0Reoc\u00edn. A-8 Salida 234 \u2013 39538\u00a0Reoc\u00edn\u00a0(Cantabria). \"\n\t\t\t><\/iframe>\n\t\t<\/div>\n\t\t\t\t<\/div>\n\t\t\t\t<\/div>\n\t\t\t\t\t<\/div>\n\t\t<\/div>\n\t\t\t\t\t\t\t<\/div>\n\t\t<\/section>\n\t\t\t\t\t\t\t<\/div>\n\t\t","protected":false},"excerpt":{"rendered":"<p>Equipo Grupo veterinario especializado en vacuno formado por 6 veterinarios\/as y una administrativa. Trabajamos en equipo para dar servicio a nuestros clientes 24 horas todos los d\u00edas del a\u00f1o. Creemos que la actividad ganadera es esencial para alimentar a la sociedad y ponemos todo nuestro empe\u00f1o y dedicaci\u00f3n para garantizar el bienestar y la salud [&hellip;]<\/p>\n","protected":false},"author":2,"featured_media":10,"parent":0,"menu_order":0,"comment_status":"closed","ping_status":"closed","template":"elementor_header_footer","meta":{"footnotes":""},"_links":{"self":[{"href":"https:\/\/lamontanaveterinarios.com\/index.php\/wp-json\/wp\/v2\/pages\/8"}],"collection":[{"href":"https:\/\/lamontanaveterinarios.com\/index.php\/wp-json\/wp\/v2\/pages"}],"about":[{"href":"https:\/\/lamontanaveterinarios.com\/index.php\/wp-json\/wp\/v2\/types\/page"}],"author":[{"embeddable":true,"href":"https:\/\/lamontanaveterinarios.com\/index.php\/wp-json\/wp\/v2\/users\/2"}],"replies":[{"embeddable":true,"href":"https:\/\/lamontanaveterinarios.com\/index.php\/wp-json\/wp\/v2\/comments?post=8"}],"version-history":[{"count":64,"href":"https:\/\/lamontanaveterinarios.com\/index.php\/wp-json\/wp\/v2\/pages\/8\/revisions"}],"predecessor-version":[{"id":377,"href":"https:\/\/lamontanaveterinarios.com\/index.php\/wp-json\/wp\/v2\/pages\/8\/revisions\/377"}],"wp:featuredmedia":[{"embeddable":true,"href":"https:\/\/lamontanaveterinarios.com\/index.php\/wp-json\/wp\/v2\/media\/10"}],"wp:attachment":[{"href":"https:\/\/lamontanaveterinarios.com\/index.php\/wp-json\/wp\/v2\/media?parent=8"}],"curies":[{"name":"wp","href":"https:\/\/api.w.org\/{rel}","templated":true}]}}